{"id":177,"date":"2016-05-17T16:20:06","date_gmt":"2016-05-18T00:20:06","guid":{"rendered":"http:\/\/research.engineering.ucdavis.edu\/master\/?page_id=177"},"modified":"2026-04-06T19:12:16","modified_gmt":"2026-04-07T03:12:16","slug":"lab-alumni","status":"publish","type":"page","link":"https:\/\/research.engineering.ucdavis.edu\/master\/people\/lab-alumni\/","title":{"rendered":"Lab Alumni"},"content":{"rendered":"<h1>Lab Alumni (sorted by last name)<\/h1>\n<h2>Undergraduate Students<\/h2>\n<p>Christopher Antoun&nbsp;<br \/>\nAshir Bhalla-Levine<br \/>\nMaria Celeste Castillo&nbsp;<br \/>\nArturo Castaneda Barrios<br \/>\nKholoud Bashayan<br \/>\nCourtney Chen<br \/>\nRyan Chu<br \/>\nNatalia Daraselia<br \/>\nMadison Doutt&nbsp;<br \/>\nWilhelmina Figueirdo&nbsp;<br \/>\nChanji Gaelan<br \/>\nShannon Geary<br \/>\nBrandon Gee<br \/>\nLouk Goldberg<br \/>\nAnthony Goldstone&nbsp;<br \/>\nMitchell Gubbins&nbsp;<br \/>\nDhruv Gullapalli<br \/>\nQiuhao (Eric) Guo&nbsp;<br \/>\nShivam Gupta&nbsp;<br \/>\nSejin Han<br \/>\nKyle Howser<br \/>\nMedha Jayaraman<br \/>\nRohan S. Karmarkar<br \/>\nGurpreet Kaur&nbsp;<br \/>\nScott Kresie&nbsp;<br \/>\nJoshua Kuligowski<br \/>\nJong Chan Lee<br \/>\nMatthew Lefort<br \/>\nMyron Lam<br \/>\nYasmine Salame Lama&nbsp;<br \/>\nQingqiao Liu&nbsp;<br \/>\nCuong Ly&nbsp;<br \/>\nNicholas Maharaj&nbsp;<br \/>\nCarla Medlin&nbsp;<br \/>\nJieh Meinhold&nbsp;<br \/>\nJorge Moreno&nbsp;<br \/>\nKarim Natafji<br \/>\nRichard Nguyen<br \/>\nTejas Patel<br \/>\nWalter Ponell Parker&nbsp;<br \/>\nCarlos Ortiz&nbsp;<br \/>\nSaul Ramirez<br \/>\nSusana Ramirez&nbsp;<br \/>\nTaylor Reisiger&nbsp;<br \/>\nMaya Rohrer<br \/>\nDiego Rojas<br \/>\nVictoria Seebeck<br \/>\nTremain Daniel Sharp&nbsp;<br \/>\nKiarash Haydari Shayesteh&nbsp;<br \/>\nDzmitrij Sysou<br \/>\nMathieu Theberge&nbsp;<br \/>\nAnthony Toribio&nbsp;<br \/>\nJason Tsugawa&nbsp;<br \/>\nMae Underwood&nbsp;<br \/>\nPhilip Kent Velbis<br \/>\nBrandon Whitney<br \/>\nMichael Zhang<\/p>\n<h2>Graduate Students<\/h2>\n<p>Alexander A. Aaldering&nbsp;<br \/>\nPrawin Sankar Chandar<br \/>\nYu-Jung Chang<br \/>\nErik Contreras<br \/>\nDr. Jayanti Das&nbsp;<br \/>\nDr. Destiny Garcia&nbsp;<br \/>\nDr. Ian C. Garretson&nbsp;<br \/>\nAlex T. Georgens&nbsp;<br \/>\nFarhad Ghadamli<br \/>\nJulianne Emily Jonsson&nbsp;<br \/>\nAkshay Kamath&nbsp;<br \/>\nGeng Li<br \/>\nWeiting Lin&nbsp;<br \/>\nMoslem Hossein Mardi&nbsp;<br \/>\nLiam Murphy&nbsp;<br \/>\nDr. Kyle Odum<br \/>\nChristopher Romero<br \/>\nAkshay Sathe&nbsp;<br \/>\nHelen C. Smith<br \/>\nMichael Taylor<br \/>\nRiddhi Thavi&nbsp;<br \/>\nXiange Wang&nbsp;<br \/>\nWesley Watson&nbsp;<\/p>\n<h2>Research Visitors<\/h2>\n<p>Sydney Alexander (visiting from Cal Poly, California, USA)<br \/>\nMax Altenhof (visiting from RWTH Aachen University, Germany)<br \/>\nLukas Anslinger&nbsp;(visiting from University of Kaiserslautern, Germany)<br \/>\nMaja Beltz (visiting from Hochschule Bonn-Rhein-Sieg, Germany)<br \/>\nSimon D\u00fcx (visiting from Hochschule Bonn-Rhein-Sieg, Germany)<br \/>\nSvenja Ehmsen (visiting from the University of Kaiserslautern, Germany)<br \/>\nMoritz Glatt (visiting from University of Kaiserslautern, Germany)<br \/>\nFlorian Gruss&nbsp;(visiting from RWTH Aachen University, Germany)<br \/>\nSean Humprey&nbsp;(visiting from WZL, RWTH Aachen University, Germany)<br \/>\nRebecca Ilsen (visiting from University of Kaiserslautern, Germany)<br \/>\nArsalan Jawaid (visiting from the University of Kaiserslautern, Germany)<br \/>\nDaniel Joseph (visiting from RWTH Aachen University,&nbsp;Germany, <a href=\"http:\/\/www.linkedin.com\/profile\/view?id=282092040&amp;trk=nav_responsive_tab_profile\">LinkedIn Profile<\/a>)<br \/>\nFelix K\u00e4stner (visiting from Rheinland-Pf\u00e4lzische Technische Universit\u00e4t Kaiserslautern -Landau, Germany)<br \/>\nAndrej Keksel (visiting from the University of Kaiserslautern, Germany)<br \/>\nZhe-Jian \u2018Jerry\u2019 Liao (visiting from the National Tsing Hua University, Taiwan)<br \/>\nHao-Jan \u2018Daniel\u2019 Lu (visiting from the National Tsing Hua University, Taiwan)<br \/>\nG\u00fcls\u00fcm Mert&nbsp;(visiting from University of Kaiserslautern, Germany)<br \/>\nFernando Moreira Bordin (visiting from the Universidade Federal de Santa Catarina \u2013 UFSC, Brazil)<br \/>\nBernd Peukert (visiting from the University of Berlin,&nbsp;Institut f\u00fcr Werkzeugmaschinen und Fabrikbetrieb,&nbsp;Germany)<br \/>\nHannes Puhlmann (visiting from RWTH Aachen University, Germany)<br \/>\nSebastian Quaisser (visiting from Hochschule Bonn-Rhein-Sieg, Germany)<br \/>\nMarcel Riedel (visiting from RWTH Aachen University, Germany)<br \/>\nMax Rodriguez (visiting from Tecnol\u00f3gico de Monterrey, Mexico)<br \/>\nKim Scheffler (visiting from University Kaiserslautern, Germany)<br \/>\nFrank Schneider&nbsp;(visiting from FBK, Institute for Manufacturing Technology and Production Systems, University Kaiserslautern, Germany)<br \/>\nMalte Seibt (visiting from RWTH Aachen University, Germany)<br \/>\nPraveen Sridhar (visiting from the University of Kaiserslautern, Germany)<br \/>\nFrancois Torner&nbsp;(visiting from University of Kaiserslautern, Germany)<br \/>\nDaniella Van der Spiegel&nbsp;(visiting from RWTH Aachen University, Germany)<br \/>\nHenning Voet (visiting from RWTH Aachen University, Germany)<br \/>\nVardan Vardanyan (visiting from the University of Kaiserslautern, Germany)<br \/>\nMichael Wintterer (visiting from RWTH Aachen University, Germany)<br \/>\nZhibo Zhang (visiting from University of Kaiserslautern, Germany)<\/p>\n<h2>Visiting Professors and Senior Researchers<\/h2>\n<p>Professor Chih-Hsing Chu, National Tsing Hua University, Taiwan (Website to the Product Realization Lab: http:\/\/prl.ie.nthu.edu.tw\/)<br \/>\nProf. Dr.-Ing. habil. Matthias Eifler (Institute for Measurement and Sensor Technology, University of Kaiserslautern and IU International University, Germany)<br \/>\nDr. Paul Harris (Postdoc at Queen&#8217;s University Belfast, UK)<br \/>\nProf. Dr.-Ing. J\u00f6rg Seewig (Institute for Measurement and Sensor Technology, University of Kaiserslautern, Germany)<br \/>\nDr. med. Dipl.-Phys. Anjali A. Roeth (University Hospital RWTH Aachen, Germany, ESCAM &#8211; European Surgical Center Aachen Maastricht, Netherlands)<\/p>\n<h2><span style=\"text-decoration: underline\"><a href=\"https:\/\/research.engineering.ucdavis.edu\/master\/people\/\">Current lab members<\/a><\/span><\/h2>\n","protected":false},"excerpt":{"rendered":"<h1>Lab Alumni (sorted by last name)<\/h1>\n<h2>Undergraduate Students<\/h2>\n<p>Christopher Antoun&nbsp;<br \/> Ashir Bhalla-Levine<br \/> Maria Celeste Castillo&nbsp;<br \/> Arturo Castaneda Barrios<br \/> Kholoud Bashayan<br \/> Courtney Chen<br \/> Ryan Chu<br \/> Natalia Daraselia<br \/> Madison Doutt&nbsp;<br \/> Wilhelmina Figueirdo&nbsp;<br \/> Chanji Gaelan<br \/> Shannon Geary<br \/> Brandon Gee<br \/> Louk  \u2026 <a href=\"https:\/\/research.engineering.ucdavis.edu\/master\/people\/lab-alumni\/\"> Continue reading <span class=\"meta-nav\">&rarr; <\/span><\/a><\/p>\n","protected":false},"author":134,"featured_media":0,"parent":10,"menu_order":0,"comment_status":"closed","ping_status":"closed","template":"","meta":{"ngg_post_thumbnail":0,"footnotes":""},"class_list":["post-177","page","type-page","status-publish","hentry"],"_links":{"self":[{"href":"https:\/\/research.engineering.ucdavis.edu\/master\/wp-json\/wp\/v2\/pages\/177","targetHints":{"allow":["GET"]}}],"collection":[{"href":"https:\/\/research.engineering.ucdavis.edu\/master\/wp-json\/wp\/v2\/pages"}],"about":[{"href":"https:\/\/research.engineering.ucdavis.edu\/master\/wp-json\/wp\/v2\/types\/page"}],"author":[{"embeddable":true,"href":"https:\/\/research.engineering.ucdavis.edu\/master\/wp-json\/wp\/v2\/users\/134"}],"replies":[{"embeddable":true,"href":"https:\/\/research.engineering.ucdavis.edu\/master\/wp-json\/wp\/v2\/comments?post=177"}],"version-history":[{"count":46,"href":"https:\/\/research.engineering.ucdavis.edu\/master\/wp-json\/wp\/v2\/pages\/177\/revisions"}],"predecessor-version":[{"id":762,"href":"https:\/\/research.engineering.ucdavis.edu\/master\/wp-json\/wp\/v2\/pages\/177\/revisions\/762"}],"up":[{"embeddable":true,"href":"https:\/\/research.engineering.ucdavis.edu\/master\/wp-json\/wp\/v2\/pages\/10"}],"wp:attachment":[{"href":"https:\/\/research.engineering.ucdavis.edu\/master\/wp-json\/wp\/v2\/media?parent=177"}],"curies":[{"name":"wp","href":"https:\/\/api.w.org\/{rel}","templated":true}]}}